{"id":1617,"date":"2025-09-08T20:05:09","date_gmt":"2025-09-08T20:05:09","guid":{"rendered":"https:\/\/hoopoeholding.com\/?page_id=1617"},"modified":"2025-11-05T08:42:42","modified_gmt":"2025-11-05T08:42:42","slug":"media-downloads","status":"publish","type":"page","link":"https:\/\/hoopoeholding.com\/fr\/media-downloads\/","title":{"rendered":"M\u00e9dias &amp; t\u00e9l\u00e9chargements"},"content":{"rendered":"<div id=\"fws_69e16983d2153\"  data-column-margin=\"default\" data-midnight=\"dark\"  class=\"wpb_row vc_row-fluid vc_row full-width-section vc_row-o-equal-height vc_row-flex vc_row-o-content-middle Introductions\"  style=\"padding-top: 0px; padding-bottom: 0px; \"><div class=\"row-bg-wrap\" data-bg-animation=\"none\" data-bg-animation-delay=\"\" data-bg-overlay=\"false\"><div class=\"inner-wrap row-bg-layer\" ><div class=\"row-bg viewport-desktop\"  style=\"\"><\/div><\/div><\/div><div class=\"row_col_wrap_12 col span_12 dark left\">\n\t<div  class=\"vc_col-sm-12 wpb_column column_container vc_column_container col centered-text no-extra-padding force-desktop-text-align-center inherit_tablet inherit_phone\"  data-padding-pos=\"all\" data-has-bg-color=\"false\" data-bg-color=\"\" data-bg-opacity=\"1\" data-animation=\"\" data-delay=\"0\" >\n\t\t<div class=\"vc_column-inner\" >\n\t\t\t<div class=\"wpb_wrapper\">\n\t\t\t\t<div class=\"nectar-split-heading  font_size_60px font_size_tablet_52px font_size_phone_32px text_direction_ltr\" data-align=\"left\" data-m-align=\"left\" data-text-effect=\"none\" data-animation-type=\"line-reveal-by-space\" data-animation-delay=\"0\" data-animation-offset=\"\" data-m-rm-animation=\"\" data-stagger=\"\" data-custom-font-size=\"true\" style=\"font-size: 60px; line-height: 64.8px;\"><h3 style=\" color: #000000;\">Acc\u00e8s structur\u00e9 aux documents de conformit\u00e9,<br \/>\naux analyses de march\u00e9 et aux playbooks strat\u00e9giques pour investisseurs et partenaires<\/h3><\/div>\n\t\t\t<\/div> \n\t\t<\/div>\n\t<\/div> \n<\/div><\/div>\n\t\t<div id=\"AboutArea\"  data-br=\"custom\" data-br-applies=\"bg\" data-column-margin=\"default\" data-midnight=\"dark\"  class=\"wpb_row vc_row-fluid vc_row vc_row-o-equal-height vc_row-flex vc_row-o-content-middle  tl_br_30px tr_br_30px bl_br_30px br_br_30px right_padding_25px left_padding_25px\"  style=\"padding-top: 55px; padding-bottom: 55px; \"><div class=\"row-bg-wrap\" data-bg-animation=\"none\" data-bg-animation-delay=\"\" data-bg-overlay=\"false\"><div class=\"inner-wrap row-bg-layer\" ><div class=\"row-bg viewport-desktop\"  style=\"\"><\/div><\/div><\/div><div class=\"row_col_wrap_12 col span_12 dark left\">\n\t<div  class=\"vc_col-sm-4 wpb_column column_container vc_column_container col no-extra-padding inherit_tablet inherit_phone\"  data-padding-pos=\"all\" data-has-bg-color=\"false\" data-bg-color=\"\" data-bg-opacity=\"1\" data-animation=\"\" data-delay=\"0\" >\n\t\t<div class=\"vc_column-inner\" >\n\t\t\t<div class=\"wpb_wrapper\">\n\t\t\t\t<div class=\"img-with-aniamtion-wrap center\" data-max-width=\"100%\" data-max-width-mobile=\"default\" data-shadow=\"none\" data-animation=\"none\" >\n      <div class=\"inner\">\n        <div class=\"hover-wrap\"> \n          <div class=\"hover-wrap-inner\">\n            <img decoding=\"async\" class=\"img-with-animation skip-lazy\" data-delay=\"0\" height=\"347\" width=\"447\" data-animation=\"none\" src=\"https:\/\/hoopoeholding.com\/wp-content\/uploads\/2025\/09\/options.png\" alt=\"\" srcset=\"https:\/\/hoopoeholding.com\/wp-content\/uploads\/2025\/09\/options.png 447w, https:\/\/hoopoeholding.com\/wp-content\/uploads\/2025\/09\/options-300x233.png 300w\" sizes=\"(max-width: 447px) 100vw, 447px\" \/>\n          <\/div>\n        <\/div>\n      <\/div>\n    <\/div>\n\t\t\t<\/div> \n\t\t<\/div>\n\t<\/div> \n\n\t<div style=\" color: #48362C;\" class=\"vc_col-sm-8 wpb_column column_container vc_column_container col no-extra-padding inherit_tablet inherit_phone\" data-cfc=\"true\"  data-padding-pos=\"all\" data-has-bg-color=\"false\" data-bg-color=\"\" data-bg-opacity=\"1\" data-animation=\"\" data-delay=\"0\" >\n\t\t<div class=\"vc_column-inner\" >\n\t\t\t<div class=\"wpb_wrapper\">\n\t\t\t\t<div class=\"nectar-split-heading  font_size_40px font_size_tablet_32px font_size_phone_28px text_direction_ltr\" data-align=\"left\" data-m-align=\"left\" data-text-effect=\"none\" data-animation-type=\"line-reveal-by-space\" data-animation-delay=\"0\" data-animation-offset=\"\" data-m-rm-animation=\"\" data-stagger=\"\" data-custom-font-size=\"true\" style=\"font-size: 40px; line-height: 43.2px;\"><h3 style=\" color: #000000;\">Investor Pitch Deck<\/h3><\/div>\n<div class=\"wpb_text_column wpb_content_element\" >\n\t<div class=\"wpb_wrapper\">\n\t\t<p>Le Deck de pr\u00e9sentation aux investisseurs est con\u00e7u comme une ressource de due diligence, consolidant dans un document structur\u00e9\u202f: r\u00e9sultats financiers audit\u00e9s, propri\u00e9t\u00e9 intellectuelle enregistr\u00e9e, et agr\u00e9ments r\u00e9glementaires.<\/p>\n<p>Le contenu couvre la performance financi\u00e8re appuy\u00e9e par la m\u00e9thodologie de l'ONUDI, incluant des donn\u00e9es \u00e9conomiques unitaires audit\u00e9es, des mod\u00e8les de TRI et de ROI, ainsi que des analyses de sensibilit\u00e9 sur diff\u00e9rents march\u00e9s. Il d\u00e9taille \u00e9galement les fondements juridiques du syst\u00e8me de franchise, avec des accords ex\u00e9cutoires en vertu du droit DIFC, la conformit\u00e9 multijuridictionnelle pour la t\u00e9l\u00e9sant\u00e9 et les services mobiles, et les protections internationales de propri\u00e9t\u00e9 intellectuelle d\u00e9pos\u00e9es aupr\u00e8s de l'OMPI, de l'USPTO et de l'EUIPO.<\/p>\n<p>Pour les investisseurs, ce dossier pr\u00e9sente des crit\u00e8res d'efficacit\u00e9 du capital, des indicateurs d'\u00e9volutivit\u00e9 et des comparables de valorisation avec les plateformes mondiales de technologies de la sant\u00e9. Il pr\u00e9sente \u00e9galement les protections offertes aux investisseurs, notamment des mod\u00e8les d'entr\u00e9e structur\u00e9s, des m\u00e9canismes de rachat contractuels et des options de sortie d\u00e9finies, conformes aux normes internationales de fusions-acquisitions.<\/p>\n<p>Ce deck fait partie de notre data room investisseurs et est disponible sous NDA, garantissant un acc\u00e8s s\u00e9curis\u00e9 et contr\u00f4l\u00e9 aux informations strat\u00e9giques et financi\u00e8res.<\/p>\n\t<\/div>\n<\/div>\n\n\n\n<a class=\"nectar-button large regular accent-color  regular-button\"  role=\"button\" style=\"\" target=\"_blank\" href=\"https:\/\/hoopoeholding.com\/assets\/hoopoe-holding-pitch-deck-v6.pdf\" data-color-override=\"false\" data-hover-color-override=\"false\" data-hover-text-color-override=\"#fff\"><span>Investor Overview Deck<\/span><\/a>\n\t\t\t<\/div> \n\t\t<\/div>\n\t<\/div> \n<\/div><\/div>\n\t\t<div id=\"GlanceNod\"  data-column-margin=\"default\" data-midnight=\"dark\"  class=\"wpb_row vc_row-fluid vc_row full-width-section  top_padding_phone_50px bottom_padding_phone_50px\"  style=\"padding-top: 50px; padding-bottom: 150px; \"><div class=\"row-bg-wrap\" data-bg-animation=\"none\" data-bg-animation-delay=\"\" data-bg-overlay=\"false\"><div class=\"inner-wrap row-bg-layer\" ><div class=\"row-bg viewport-desktop\"  style=\"\"><\/div><\/div><\/div><div class=\"row_col_wrap_12 col span_12 dark left\">\n\t<div  class=\"vc_col-sm-12 wpb_column column_container vc_column_container col no-extra-padding inherit_tablet inherit_phone\"  data-padding-pos=\"all\" data-has-bg-color=\"false\" data-bg-color=\"\" data-bg-opacity=\"1\" data-animation=\"\" data-delay=\"0\" >\n\t\t<div class=\"vc_column-inner\" >\n\t\t\t<div class=\"wpb_wrapper\">\n\t\t\t\t<div id=\"fws_69e16983d2c69\" data-midnight=\"\" data-column-margin=\"default\" class=\"wpb_row vc_row-fluid vc_row inner_row\"  style=\"\"><div class=\"row-bg-wrap\"> <div class=\"row-bg\" ><\/div> <\/div><div class=\"row_col_wrap_12_inner col span_12  left\">\n\t<div  class=\"vc_col-sm-12 wpb_column column_container vc_column_container col child_column no-extra-padding inherit_tablet inherit_phone\"   data-padding-pos=\"all\" data-has-bg-color=\"false\" data-bg-color=\"\" data-bg-opacity=\"1\" data-animation=\"\" data-delay=\"0\" >\n\t\t<div class=\"vc_column-inner\" >\n\t\t<div class=\"wpb_wrapper\">\n\t\t\t<div class=\"nectar-split-heading  font_size_40px font_size_tablet_32px font_size_phone_28px text_direction_ltr\" data-align=\"left\" data-m-align=\"left\" data-text-effect=\"none\" data-animation-type=\"line-reveal-by-space\" data-animation-delay=\"0\" data-animation-offset=\"\" data-m-rm-animation=\"\" data-stagger=\"\" data-custom-font-size=\"true\" style=\"font-size: 40px; line-height: 43.2px;\"><h3 style=\" color: #000000;\">Rapports et guides<\/h3><\/div><div class=\"nectar-split-heading  font_size_24px font_size_tablet_20px font_size_phone_18px\" data-align=\"default\" data-m-align=\"inherit\" data-text-effect=\"none\" data-animation-type=\"line-reveal-by-space\" data-animation-delay=\"0\" data-animation-offset=\"\" data-m-rm-animation=\"\" data-stagger=\"\" data-custom-font-size=\"true\" style=\"font-size: 24px; line-height: 36px;\"><p style=\" color: #212121;\">Cette section rassemble la documentation formelle produite dans l\u2019\u00e9cosyst\u00e8me hoopoe.\n\nLes rapports servent de r\u00e9f\u00e9rences internes et externes pour la conformit\u00e9, la gouvernance et l\u2019\u00e9valuation des march\u00e9s.\n\nChaque cat\u00e9gorie refl\u00e8te une couche pr\u00e9cise du syst\u00e8me, et est maintenue selon les standards uniformes appliqu\u00e9s \u00e0 nos cadres r\u00e9glementaires et op\u00e9rationnels.<\/p><\/div>\n\t\t<\/div> \n\t<\/div>\n\t<\/div> \n<\/div><\/div><div id=\"MasterPlay\" data-midnight=\"\" data-column-margin=\"default\" class=\"wpb_row vc_row-fluid vc_row inner_row vc_row-o-equal-height vc_row-flex vc_row-o-content-middle\"  style=\"\"><div class=\"row-bg-wrap\"> <div class=\"row-bg\" ><\/div> <\/div><div class=\"row_col_wrap_12_inner col span_12  left\">\n\t<div style=\" color: #40231D;\" class=\"vc_col-sm-3 Leader4 wpb_column column_container vc_column_container col child_column tl_br_25px tr_br_25px bl_br_25px br_br_25px left_padding_desktop_25px top_padding_desktop_25px right_padding_desktop_25px bottom_padding_desktop_25px\" data-cfc=\"true\" data-using-bg=\"true\" data-padding-pos=\"all\" data-has-bg-color=\"true\" data-bg-color=\"#F4F4F4CC\" data-bg-opacity=\"1\" data-animation=\"\" data-delay=\"0\" >\n\t\t<div class=\"vc_column-inner\" ><div class=\"column-bg-overlay-wrap column-bg-layer\" data-bg-animation=\"none\"><div class=\"column-bg-overlay\" style=\"opacity: 1; background-color: #F4F4F4CC;\"><\/div><\/div>\n\t\t<div class=\"wpb_wrapper\">\n\t\t\t<div class=\"img-with-aniamtion-wrap  custom-width-75px\" data-max-width=\"custom\" data-max-width-mobile=\"default\" data-shadow=\"none\" data-animation=\"none\" >\n      <div class=\"inner\">\n        <div class=\"hover-wrap\"> \n          <div class=\"hover-wrap-inner\">\n            <img decoding=\"async\" class=\"img-with-animation skip-lazy\" data-delay=\"0\" height=\"80\" width=\"75\" data-animation=\"none\" src=\"https:\/\/hoopoeholding.com\/wp-content\/uploads\/2025\/09\/downloads-4.png\" alt=\"\"  \/>\n          <\/div>\n        <\/div>\n      <\/div>\n    <\/div><h4 style=\"font-size: 20px;color: #40231D;text-align: left\" class=\"vc_custom_heading vc_do_custom_heading\" >AI &amp; Innovation Reports<\/h4>\n<div class=\"wpb_text_column wpb_content_element\" >\n\t<div class=\"wpb_wrapper\">\n\t\t<p>Ces articles examinent l'utilisation pratique de l'intelligence artificielle dans les op\u00e9rations de sant\u00e9. L'analyse porte sur la pr\u00e9cision diagnostique, la personnalisation des soins et l'efficacit\u00e9 des flux de travail, \u00e0 partir de r\u00e9sultats observ\u00e9s en milieu clinique actif.<\/p>\n\t<\/div>\n<\/div>\n\n\n\n\n\t\t<\/div> \n\t<\/div>\n\t<\/div> \n\n\t<div style=\" color: #40231D;\" class=\"vc_col-sm-3 Leader3 wpb_column column_container vc_column_container col child_column tl_br_25px tr_br_25px bl_br_25px br_br_25px left_padding_desktop_25px top_padding_desktop_25px right_padding_desktop_25px bottom_padding_desktop_25px\" data-cfc=\"true\" data-using-bg=\"true\" data-padding-pos=\"all\" data-has-bg-color=\"true\" data-bg-color=\"#F4F4F4CC\" data-bg-opacity=\"1\" data-animation=\"\" data-delay=\"0\" >\n\t\t<div class=\"vc_column-inner\" ><div class=\"column-bg-overlay-wrap column-bg-layer\" data-bg-animation=\"none\"><div class=\"column-bg-overlay\" style=\"opacity: 1; background-color: #F4F4F4CC;\"><\/div><\/div>\n\t\t<div class=\"wpb_wrapper\">\n\t\t\t<div class=\"img-with-aniamtion-wrap  custom-width-75px\" data-max-width=\"custom\" data-max-width-mobile=\"default\" data-shadow=\"none\" data-animation=\"none\" >\n      <div class=\"inner\">\n        <div class=\"hover-wrap\"> \n          <div class=\"hover-wrap-inner\">\n            <img decoding=\"async\" class=\"img-with-animation skip-lazy\" data-delay=\"0\" height=\"80\" width=\"92\" data-animation=\"none\" src=\"https:\/\/hoopoeholding.com\/wp-content\/uploads\/2025\/09\/downloads-2.png\" alt=\"\"  \/>\n          <\/div>\n        <\/div>\n      <\/div>\n    <\/div><h4 style=\"font-size: 20px;color: #40231D;text-align: left\" class=\"vc_custom_heading vc_do_custom_heading\" >Strategic Playbooks<\/h4>\n<div class=\"wpb_text_column wpb_content_element\" >\n\t<div class=\"wpb_wrapper\">\n\t\t<p>Manuels d\u00e9finissant les normes op\u00e9rationnelles des cliniques et des franchises. Ils incluent les exigences de gouvernance, les proc\u00e9dures de gestion et les crit\u00e8res de performance. Leur contenu est r\u00e9guli\u00e8rement mis \u00e0 jour en fonction des \u00e9volutions r\u00e9glementaires et des audits op\u00e9rationnels.<\/p>\n\t<\/div>\n<\/div>\n\n\n\n\n\t\t<\/div> \n\t<\/div>\n\t<\/div> \n\n\t<div style=\" color: #40231D;\" class=\"vc_col-sm-3 Leader2 wpb_column column_container vc_column_container col child_column tl_br_25px tr_br_25px bl_br_25px br_br_25px left_padding_desktop_25px top_padding_desktop_25px right_padding_desktop_25px bottom_padding_desktop_25px\" data-cfc=\"true\" data-using-bg=\"true\" data-padding-pos=\"all\" data-has-bg-color=\"true\" data-bg-color=\"#F4F4F4CC\" data-bg-opacity=\"1\" data-animation=\"\" data-delay=\"0\" >\n\t\t<div class=\"vc_column-inner\" ><div class=\"column-bg-overlay-wrap column-bg-layer\" data-bg-animation=\"none\"><div class=\"column-bg-overlay\" style=\"opacity: 1; background-color: #F4F4F4CC;\"><\/div><\/div>\n\t\t<div class=\"wpb_wrapper\">\n\t\t\t<div class=\"img-with-aniamtion-wrap  custom-width-75px\" data-max-width=\"custom\" data-max-width-mobile=\"default\" data-shadow=\"none\" data-animation=\"none\" >\n      <div class=\"inner\">\n        <div class=\"hover-wrap\"> \n          <div class=\"hover-wrap-inner\">\n            <img decoding=\"async\" class=\"img-with-animation skip-lazy\" data-delay=\"0\" height=\"80\" width=\"68\" data-animation=\"none\" src=\"https:\/\/hoopoeholding.com\/wp-content\/uploads\/2025\/09\/downloads-3.png\" alt=\"\"  \/>\n          <\/div>\n        <\/div>\n      <\/div>\n    <\/div><h4 style=\"font-size: 20px;color: #40231D;text-align: left\" class=\"vc_custom_heading vc_do_custom_heading\" >Industry Insights<\/h4>\n<div class=\"wpb_text_column wpb_content_element\" >\n\t<div class=\"wpb_wrapper\">\n\t\t<p>Rapports analytiques sur les tendances sectorielles, les flux de capitaux et les \u00e9volutions r\u00e9glementaires sur les march\u00e9s r\u00e9gionaux et mondiaux. Les conclusions, fond\u00e9es sur des donn\u00e9es comparatives, sont con\u00e7ues pour \u00e9clairer la prise de d\u00e9cision en mati\u00e8re d'expansion et d'\u00e9valuation des risques.<\/p>\n\t<\/div>\n<\/div>\n\n\n\n\n\t\t<\/div> \n\t<\/div>\n\t<\/div> \n\n\t<div style=\" color: #40231D;\" class=\"vc_col-sm-3 Leader wpb_column column_container vc_column_container col child_column tl_br_25px tr_br_25px bl_br_25px br_br_25px left_padding_desktop_25px top_padding_desktop_25px right_padding_desktop_25px bottom_padding_desktop_25px\" data-cfc=\"true\" data-using-bg=\"true\" data-padding-pos=\"all\" data-has-bg-color=\"true\" data-bg-color=\"#F4F4F4CC\" data-bg-opacity=\"1\" data-animation=\"\" data-delay=\"0\" >\n\t\t<div class=\"vc_column-inner\" ><div class=\"column-bg-overlay-wrap column-bg-layer\" data-bg-animation=\"none\"><div class=\"column-bg-overlay\" style=\"opacity: 1; background-color: #F4F4F4CC;\"><\/div><\/div>\n\t\t<div class=\"wpb_wrapper\">\n\t\t\t<div class=\"img-with-aniamtion-wrap  custom-width-75px\" data-max-width=\"custom\" data-max-width-mobile=\"default\" data-shadow=\"none\" data-animation=\"none\" >\n      <div class=\"inner\">\n        <div class=\"hover-wrap\"> \n          <div class=\"hover-wrap-inner\">\n            <img decoding=\"async\" class=\"img-with-animation skip-lazy\" data-delay=\"0\" height=\"80\" width=\"92\" data-animation=\"none\" src=\"https:\/\/hoopoeholding.com\/wp-content\/uploads\/2025\/09\/downloads-1.png\" alt=\"\"  \/>\n          <\/div>\n        <\/div>\n      <\/div>\n    <\/div><h4 style=\"font-size: 20px;color: #40231D;text-align: left\" class=\"vc_custom_heading vc_do_custom_heading\" >Whitepapers<\/h4>\n<div class=\"wpb_text_column wpb_content_element\" >\n\t<div class=\"wpb_wrapper\">\n\t\t<p>\u00c9tudes approfondies sur des sujets pr\u00e9cis tels que l'int\u00e9gration num\u00e9rique, la durabilit\u00e9 environnementale et l'\u00e9conomie des franchises. Chaque article est r\u00e9dig\u00e9 conform\u00e9ment aux exigences r\u00e9glementaires et de due diligence des investisseurs, et toutes les r\u00e9f\u00e9rences sont tra\u00e7ables et v\u00e9rifiables.<\/p>\n\t<\/div>\n<\/div>\n\n\n\n\n\t\t<\/div> \n\t<\/div>\n\t<\/div> \n<\/div><\/div>\n\t\t\t<\/div> \n\t\t<\/div>\n\t<\/div> \n<\/div><\/div>","protected":false},"excerpt":{"rendered":"Structured access to compliance documents, market insights, and strategic playbooks for investors and partners. Investor Pitch Deck The Investor Pitch Deck is prepared as a due diligence resource, consolidating audited...","protected":false},"author":2,"featured_media":0,"parent":0,"menu_order":0,"comment_status":"closed","ping_status":"closed","template":"","meta":{"footnotes":""},"class_list":["post-1617","page","type-page","status-publish"],"_links":{"self":[{"href":"https:\/\/hoopoeholding.com\/fr\/wp-json\/wp\/v2\/pages\/1617","targetHints":{"allow":["GET"]}}],"collection":[{"href":"https:\/\/hoopoeholding.com\/fr\/wp-json\/wp\/v2\/pages"}],"about":[{"href":"https:\/\/hoopoeholding.com\/fr\/wp-json\/wp\/v2\/types\/page"}],"author":[{"embeddable":true,"href":"https:\/\/hoopoeholding.com\/fr\/wp-json\/wp\/v2\/users\/2"}],"replies":[{"embeddable":true,"href":"https:\/\/hoopoeholding.com\/fr\/wp-json\/wp\/v2\/comments?post=1617"}],"version-history":[{"count":25,"href":"https:\/\/hoopoeholding.com\/fr\/wp-json\/wp\/v2\/pages\/1617\/revisions"}],"predecessor-version":[{"id":2772,"href":"https:\/\/hoopoeholding.com\/fr\/wp-json\/wp\/v2\/pages\/1617\/revisions\/2772"}],"wp:attachment":[{"href":"https:\/\/hoopoeholding.com\/fr\/wp-json\/wp\/v2\/media?parent=1617"}],"curies":[{"name":"wp","href":"https:\/\/api.w.org\/{rel}","templated":true}]}}