{"id":1617,"date":"2025-09-08T20:05:09","date_gmt":"2025-09-08T20:05:09","guid":{"rendered":"https:\/\/hoopoeholding.com\/?page_id=1617"},"modified":"2025-11-05T08:42:42","modified_gmt":"2025-11-05T08:42:42","slug":"media-downloads","status":"publish","type":"page","link":"https:\/\/hoopoeholding.com\/es\/media-downloads\/","title":{"rendered":"Medios y descargas"},"content":{"rendered":"<div id=\"fws_69e16953b9789\"  data-column-margin=\"default\" data-midnight=\"dark\"  class=\"wpb_row vc_row-fluid vc_row full-width-section vc_row-o-equal-height vc_row-flex vc_row-o-content-middle Introductions\"  style=\"padding-top: 0px; padding-bottom: 0px; \"><div class=\"row-bg-wrap\" data-bg-animation=\"none\" data-bg-animation-delay=\"\" data-bg-overlay=\"false\"><div class=\"inner-wrap row-bg-layer\" ><div class=\"row-bg viewport-desktop\"  style=\"\"><\/div><\/div><\/div><div class=\"row_col_wrap_12 col span_12 dark left\">\n\t<div  class=\"vc_col-sm-12 wpb_column column_container vc_column_container col centered-text no-extra-padding force-desktop-text-align-center inherit_tablet inherit_phone\"  data-padding-pos=\"all\" data-has-bg-color=\"false\" data-bg-color=\"\" data-bg-opacity=\"1\" data-animation=\"\" data-delay=\"0\" >\n\t\t<div class=\"vc_column-inner\" >\n\t\t\t<div class=\"wpb_wrapper\">\n\t\t\t\t<div class=\"nectar-split-heading  font_size_60px font_size_tablet_52px font_size_phone_32px text_direction_ltr\" data-align=\"left\" data-m-align=\"left\" data-text-effect=\"none\" data-animation-type=\"line-reveal-by-space\" data-animation-delay=\"0\" data-animation-offset=\"\" data-m-rm-animation=\"\" data-stagger=\"\" data-custom-font-size=\"true\" style=\"font-size: 60px; line-height: 64.8px;\"><h3 style=\" color: #000000;\">Acceso estructurado a documentos de cumplimiento,<br \/>\nperspectivas de mercado y playbooks estrat\u00e9gicos para inversores y socios<\/h3><\/div>\n\t\t\t<\/div> \n\t\t<\/div>\n\t<\/div> \n<\/div><\/div>\n\t\t<div id=\"AboutArea\"  data-br=\"custom\" data-br-applies=\"bg\" data-column-margin=\"default\" data-midnight=\"dark\"  class=\"wpb_row vc_row-fluid vc_row vc_row-o-equal-height vc_row-flex vc_row-o-content-middle  tl_br_30px tr_br_30px bl_br_30px br_br_30px right_padding_25px left_padding_25px\"  style=\"padding-top: 55px; padding-bottom: 55px; \"><div class=\"row-bg-wrap\" data-bg-animation=\"none\" data-bg-animation-delay=\"\" data-bg-overlay=\"false\"><div class=\"inner-wrap row-bg-layer\" ><div class=\"row-bg viewport-desktop\"  style=\"\"><\/div><\/div><\/div><div class=\"row_col_wrap_12 col span_12 dark left\">\n\t<div  class=\"vc_col-sm-4 wpb_column column_container vc_column_container col no-extra-padding inherit_tablet inherit_phone\"  data-padding-pos=\"all\" data-has-bg-color=\"false\" data-bg-color=\"\" data-bg-opacity=\"1\" data-animation=\"\" data-delay=\"0\" >\n\t\t<div class=\"vc_column-inner\" >\n\t\t\t<div class=\"wpb_wrapper\">\n\t\t\t\t<div class=\"img-with-aniamtion-wrap center\" data-max-width=\"100%\" data-max-width-mobile=\"default\" data-shadow=\"none\" data-animation=\"none\" >\n      <div class=\"inner\">\n        <div class=\"hover-wrap\"> \n          <div class=\"hover-wrap-inner\">\n            <img decoding=\"async\" class=\"img-with-animation skip-lazy\" data-delay=\"0\" height=\"347\" width=\"447\" data-animation=\"none\" src=\"https:\/\/hoopoeholding.com\/wp-content\/uploads\/2025\/09\/options.png\" alt=\"\" srcset=\"https:\/\/hoopoeholding.com\/wp-content\/uploads\/2025\/09\/options.png 447w, https:\/\/hoopoeholding.com\/wp-content\/uploads\/2025\/09\/options-300x233.png 300w\" sizes=\"(max-width: 447px) 100vw, 447px\" \/>\n          <\/div>\n        <\/div>\n      <\/div>\n    <\/div>\n\t\t\t<\/div> \n\t\t<\/div>\n\t<\/div> \n\n\t<div style=\" color: #48362C;\" class=\"vc_col-sm-8 wpb_column column_container vc_column_container col no-extra-padding inherit_tablet inherit_phone\" data-cfc=\"true\"  data-padding-pos=\"all\" data-has-bg-color=\"false\" data-bg-color=\"\" data-bg-opacity=\"1\" data-animation=\"\" data-delay=\"0\" >\n\t\t<div class=\"vc_column-inner\" >\n\t\t\t<div class=\"wpb_wrapper\">\n\t\t\t\t<div class=\"nectar-split-heading  font_size_40px font_size_tablet_32px font_size_phone_28px text_direction_ltr\" data-align=\"left\" data-m-align=\"left\" data-text-effect=\"none\" data-animation-type=\"line-reveal-by-space\" data-animation-delay=\"0\" data-animation-offset=\"\" data-m-rm-animation=\"\" data-stagger=\"\" data-custom-font-size=\"true\" style=\"font-size: 40px; line-height: 43.2px;\"><h3 style=\" color: #000000;\">Investor Pitch Deck<\/h3><\/div>\n<div class=\"wpb_text_column wpb_content_element\" >\n\t<div class=\"wpb_wrapper\">\n\t\t<p>El Investor Pitch Deck se prepara como un recurso de due diligence, consolidando resultados financieros auditados, propiedad intelectual registrada y aprobaciones regulatorias en un \u00fanico documento estructurado. Proporciona una visi\u00f3n transparente del modelo operativo del grupo, la hoja de ruta de expansi\u00f3n global y la l\u00f3gica de valoraci\u00f3n.<\/p>\n<p>El contenido abarca el rendimiento financiero conforme a metodolog\u00eda UNIDO, incluyendo econom\u00eda de unidad auditada, modelos IRR y ROI, y an\u00e1lisis de sensibilidad en distintos mercados. Tambi\u00e9n detalla la base legal del sistema de franquicias, con acuerdos ejecutables bajo legislaci\u00f3n DIFC, cumplimiento multijurisdiccional para telemedicina y servicios m\u00f3viles, y protecci\u00f3n internacional de PI registrada ante WIPO, USPTO y EUIPO.<\/p>\n<p>Para los inversores, el documento establece referencias de eficiencia de capital, indicadores de escalabilidad y comparables de valoraci\u00f3n con plataformas globales health\u2011tech. Asimismo, define protecciones para los inversores, tales como modelos estructurados de entrada, mecanismos contractuales de recompra y opciones de salida definidas y alineadas con est\u00e1ndares internacionales de fusiones y adquisiciones.<\/p>\n<p>El documento forma parte del Investor Data Room y est\u00e1 disponible bajo NDA para garantizar un acceso seguro y controlado a la informaci\u00f3n estrat\u00e9gica y financiera.<\/p>\n\t<\/div>\n<\/div>\n\n\n\n<a class=\"nectar-button large regular accent-color  regular-button\"  role=\"button\" style=\"\" target=\"_blank\" href=\"https:\/\/hoopoeholding.com\/assets\/hoopoe-holding-pitch-deck-v6.pdf\" data-color-override=\"false\" data-hover-color-override=\"false\" data-hover-text-color-override=\"#fff\"><span>Investor Overview Deck<\/span><\/a>\n\t\t\t<\/div> \n\t\t<\/div>\n\t<\/div> \n<\/div><\/div>\n\t\t<div id=\"GlanceNod\"  data-column-margin=\"default\" data-midnight=\"dark\"  class=\"wpb_row vc_row-fluid vc_row full-width-section  top_padding_phone_50px bottom_padding_phone_50px\"  style=\"padding-top: 50px; padding-bottom: 150px; \"><div class=\"row-bg-wrap\" data-bg-animation=\"none\" data-bg-animation-delay=\"\" data-bg-overlay=\"false\"><div class=\"inner-wrap row-bg-layer\" ><div class=\"row-bg viewport-desktop\"  style=\"\"><\/div><\/div><\/div><div class=\"row_col_wrap_12 col span_12 dark left\">\n\t<div  class=\"vc_col-sm-12 wpb_column column_container vc_column_container col no-extra-padding inherit_tablet inherit_phone\"  data-padding-pos=\"all\" data-has-bg-color=\"false\" data-bg-color=\"\" data-bg-opacity=\"1\" data-animation=\"\" data-delay=\"0\" >\n\t\t<div class=\"vc_column-inner\" >\n\t\t\t<div class=\"wpb_wrapper\">\n\t\t\t\t<div id=\"fws_69e16953ba338\" data-midnight=\"\" data-column-margin=\"default\" class=\"wpb_row vc_row-fluid vc_row inner_row\"  style=\"\"><div class=\"row-bg-wrap\"> <div class=\"row-bg\" ><\/div> <\/div><div class=\"row_col_wrap_12_inner col span_12  left\">\n\t<div  class=\"vc_col-sm-12 wpb_column column_container vc_column_container col child_column no-extra-padding inherit_tablet inherit_phone\"   data-padding-pos=\"all\" data-has-bg-color=\"false\" data-bg-color=\"\" data-bg-opacity=\"1\" data-animation=\"\" data-delay=\"0\" >\n\t\t<div class=\"vc_column-inner\" >\n\t\t<div class=\"wpb_wrapper\">\n\t\t\t<div class=\"nectar-split-heading  font_size_40px font_size_tablet_32px font_size_phone_28px text_direction_ltr\" data-align=\"left\" data-m-align=\"left\" data-text-effect=\"none\" data-animation-type=\"line-reveal-by-space\" data-animation-delay=\"0\" data-animation-offset=\"\" data-m-rm-animation=\"\" data-stagger=\"\" data-custom-font-size=\"true\" style=\"font-size: 40px; line-height: 43.2px;\"><h3 style=\" color: #000000;\">Informes y gu\u00edas<\/h3><\/div><div class=\"nectar-split-heading  font_size_24px font_size_tablet_20px font_size_phone_18px\" data-align=\"default\" data-m-align=\"inherit\" data-text-effect=\"none\" data-animation-type=\"line-reveal-by-space\" data-animation-delay=\"0\" data-animation-offset=\"\" data-m-rm-animation=\"\" data-stagger=\"\" data-custom-font-size=\"true\" style=\"font-size: 24px; line-height: 36px;\"><p style=\" color: #212121;\">Esta secci\u00f3n contiene documentaci\u00f3n formal generada dentro del ecosistema hoopoe. Los informes se utilizan internamente y por actores externos como material de referencia para el cumplimiento, la gobernanza y la evaluaci\u00f3n de mercados. Cada categor\u00eda refleja una capa distinta del sistema y se mantiene con los mismos est\u00e1ndares aplicados en nuestros marcos regulatorios y operativos.<\/p><\/div>\n\t\t<\/div> \n\t<\/div>\n\t<\/div> \n<\/div><\/div><div id=\"MasterPlay\" data-midnight=\"\" data-column-margin=\"default\" class=\"wpb_row vc_row-fluid vc_row inner_row vc_row-o-equal-height vc_row-flex vc_row-o-content-middle\"  style=\"\"><div class=\"row-bg-wrap\"> <div class=\"row-bg\" ><\/div> <\/div><div class=\"row_col_wrap_12_inner col span_12  left\">\n\t<div style=\" color: #40231D;\" class=\"vc_col-sm-3 Leader4 wpb_column column_container vc_column_container col child_column tl_br_25px tr_br_25px bl_br_25px br_br_25px left_padding_desktop_25px top_padding_desktop_25px right_padding_desktop_25px bottom_padding_desktop_25px\" data-cfc=\"true\" data-using-bg=\"true\" data-padding-pos=\"all\" data-has-bg-color=\"true\" data-bg-color=\"#F4F4F4CC\" data-bg-opacity=\"1\" data-animation=\"\" data-delay=\"0\" >\n\t\t<div class=\"vc_column-inner\" ><div class=\"column-bg-overlay-wrap column-bg-layer\" data-bg-animation=\"none\"><div class=\"column-bg-overlay\" style=\"opacity: 1; background-color: #F4F4F4CC;\"><\/div><\/div>\n\t\t<div class=\"wpb_wrapper\">\n\t\t\t<div class=\"img-with-aniamtion-wrap  custom-width-75px\" data-max-width=\"custom\" data-max-width-mobile=\"default\" data-shadow=\"none\" data-animation=\"none\" >\n      <div class=\"inner\">\n        <div class=\"hover-wrap\"> \n          <div class=\"hover-wrap-inner\">\n            <img decoding=\"async\" class=\"img-with-animation skip-lazy\" data-delay=\"0\" height=\"80\" width=\"75\" data-animation=\"none\" src=\"https:\/\/hoopoeholding.com\/wp-content\/uploads\/2025\/09\/downloads-4.png\" alt=\"\"  \/>\n          <\/div>\n        <\/div>\n      <\/div>\n    <\/div><h4 style=\"font-size: 20px;color: #40231D;text-align: left\" class=\"vc_custom_heading vc_do_custom_heading\" >AI &amp; Innovation Reports<\/h4>\n<div class=\"wpb_text_column wpb_content_element\" >\n\t<div class=\"wpb_wrapper\">\n\t\t<p>Estos documentos analizan el uso pr\u00e1ctico de la inteligencia artificial en operaciones sanitarias. La evaluaci\u00f3n abarca la precisi\u00f3n diagn\u00f3stica, la personalizaci\u00f3n del paciente y la eficiencia del flujo de trabajo, bas\u00e1ndose en resultados observados en entornos cl\u00ednicos activos.<\/p>\n\t<\/div>\n<\/div>\n\n\n\n\n\t\t<\/div> \n\t<\/div>\n\t<\/div> \n\n\t<div style=\" color: #40231D;\" class=\"vc_col-sm-3 Leader3 wpb_column column_container vc_column_container col child_column tl_br_25px tr_br_25px bl_br_25px br_br_25px left_padding_desktop_25px top_padding_desktop_25px right_padding_desktop_25px bottom_padding_desktop_25px\" data-cfc=\"true\" data-using-bg=\"true\" data-padding-pos=\"all\" data-has-bg-color=\"true\" data-bg-color=\"#F4F4F4CC\" data-bg-opacity=\"1\" data-animation=\"\" data-delay=\"0\" >\n\t\t<div class=\"vc_column-inner\" ><div class=\"column-bg-overlay-wrap column-bg-layer\" data-bg-animation=\"none\"><div class=\"column-bg-overlay\" style=\"opacity: 1; background-color: #F4F4F4CC;\"><\/div><\/div>\n\t\t<div class=\"wpb_wrapper\">\n\t\t\t<div class=\"img-with-aniamtion-wrap  custom-width-75px\" data-max-width=\"custom\" data-max-width-mobile=\"default\" data-shadow=\"none\" data-animation=\"none\" >\n      <div class=\"inner\">\n        <div class=\"hover-wrap\"> \n          <div class=\"hover-wrap-inner\">\n            <img decoding=\"async\" class=\"img-with-animation skip-lazy\" data-delay=\"0\" height=\"80\" width=\"92\" data-animation=\"none\" src=\"https:\/\/hoopoeholding.com\/wp-content\/uploads\/2025\/09\/downloads-2.png\" alt=\"\"  \/>\n          <\/div>\n        <\/div>\n      <\/div>\n    <\/div><h4 style=\"font-size: 20px;color: #40231D;text-align: left\" class=\"vc_custom_heading vc_do_custom_heading\" >Strategic Playbooks<\/h4>\n<div class=\"wpb_text_column wpb_content_element\" >\n\t<div class=\"wpb_wrapper\">\n\t\t<p>Manuales que definen normas operativas para cl\u00ednicas y unidades franquiciadas. Incluyen requisitos de gobernanza, procedimientos de gesti\u00f3n y referencias de rendimiento. El contenido se actualiza peri\u00f3dicamente conforme a cambios regulatorios y auditor\u00edas operativas.<\/p>\n\t<\/div>\n<\/div>\n\n\n\n\n\t\t<\/div> \n\t<\/div>\n\t<\/div> \n\n\t<div style=\" color: #40231D;\" class=\"vc_col-sm-3 Leader2 wpb_column column_container vc_column_container col child_column tl_br_25px tr_br_25px bl_br_25px br_br_25px left_padding_desktop_25px top_padding_desktop_25px right_padding_desktop_25px bottom_padding_desktop_25px\" data-cfc=\"true\" data-using-bg=\"true\" data-padding-pos=\"all\" data-has-bg-color=\"true\" data-bg-color=\"#F4F4F4CC\" data-bg-opacity=\"1\" data-animation=\"\" data-delay=\"0\" >\n\t\t<div class=\"vc_column-inner\" ><div class=\"column-bg-overlay-wrap column-bg-layer\" data-bg-animation=\"none\"><div class=\"column-bg-overlay\" style=\"opacity: 1; background-color: #F4F4F4CC;\"><\/div><\/div>\n\t\t<div class=\"wpb_wrapper\">\n\t\t\t<div class=\"img-with-aniamtion-wrap  custom-width-75px\" data-max-width=\"custom\" data-max-width-mobile=\"default\" data-shadow=\"none\" data-animation=\"none\" >\n      <div class=\"inner\">\n        <div class=\"hover-wrap\"> \n          <div class=\"hover-wrap-inner\">\n            <img decoding=\"async\" class=\"img-with-animation skip-lazy\" data-delay=\"0\" height=\"80\" width=\"68\" data-animation=\"none\" src=\"https:\/\/hoopoeholding.com\/wp-content\/uploads\/2025\/09\/downloads-3.png\" alt=\"\"  \/>\n          <\/div>\n        <\/div>\n      <\/div>\n    <\/div><h4 style=\"font-size: 20px;color: #40231D;text-align: left\" class=\"vc_custom_heading vc_do_custom_heading\" >Industry Insights<\/h4>\n<div class=\"wpb_text_column wpb_content_element\" >\n\t<div class=\"wpb_wrapper\">\n\t\t<p>Informes anal\u00edticos sobre tendencias sectoriales, flujos de capital y cambios regulatorios en mercados regionales y globales. Las conclusiones se basan en datos comparativos y se elaboran para apoyar la toma de decisiones en expansi\u00f3n y evaluaci\u00f3n de riesgos.<\/p>\n\t<\/div>\n<\/div>\n\n\n\n\n\t\t<\/div> \n\t<\/div>\n\t<\/div> \n\n\t<div style=\" color: #40231D;\" class=\"vc_col-sm-3 Leader wpb_column column_container vc_column_container col child_column tl_br_25px tr_br_25px bl_br_25px br_br_25px left_padding_desktop_25px top_padding_desktop_25px right_padding_desktop_25px bottom_padding_desktop_25px\" data-cfc=\"true\" data-using-bg=\"true\" data-padding-pos=\"all\" data-has-bg-color=\"true\" data-bg-color=\"#F4F4F4CC\" data-bg-opacity=\"1\" data-animation=\"\" data-delay=\"0\" >\n\t\t<div class=\"vc_column-inner\" ><div class=\"column-bg-overlay-wrap column-bg-layer\" data-bg-animation=\"none\"><div class=\"column-bg-overlay\" style=\"opacity: 1; background-color: #F4F4F4CC;\"><\/div><\/div>\n\t\t<div class=\"wpb_wrapper\">\n\t\t\t<div class=\"img-with-aniamtion-wrap  custom-width-75px\" data-max-width=\"custom\" data-max-width-mobile=\"default\" data-shadow=\"none\" data-animation=\"none\" >\n      <div class=\"inner\">\n        <div class=\"hover-wrap\"> \n          <div class=\"hover-wrap-inner\">\n            <img decoding=\"async\" class=\"img-with-animation skip-lazy\" data-delay=\"0\" height=\"80\" width=\"92\" data-animation=\"none\" src=\"https:\/\/hoopoeholding.com\/wp-content\/uploads\/2025\/09\/downloads-1.png\" alt=\"\"  \/>\n          <\/div>\n        <\/div>\n      <\/div>\n    <\/div><h4 style=\"font-size: 20px;color: #40231D;text-align: left\" class=\"vc_custom_heading vc_do_custom_heading\" >Whitepapers<\/h4>\n<div class=\"wpb_text_column wpb_content_element\" >\n\t<div class=\"wpb_wrapper\">\n\t\t<p>Estudios extensos sobre temas definidos como integraci\u00f3n digital, sostenibilidad ambiental y econom\u00eda de franquicias. Cada documento est\u00e1 redactado para cumplir requisitos de revisi\u00f3n regulatoria y due diligence del inversor, con todas las referencias rastreables y verificables.<\/p>\n\t<\/div>\n<\/div>\n\n\n\n\n\t\t<\/div> \n\t<\/div>\n\t<\/div> \n<\/div><\/div>\n\t\t\t<\/div> \n\t\t<\/div>\n\t<\/div> \n<\/div><\/div>","protected":false},"excerpt":{"rendered":"Structured access to compliance documents, market insights, and strategic playbooks for investors and partners. Investor Pitch Deck The Investor Pitch Deck is prepared as a due diligence resource, consolidating audited...","protected":false},"author":2,"featured_media":0,"parent":0,"menu_order":0,"comment_status":"closed","ping_status":"closed","template":"","meta":{"footnotes":""},"class_list":["post-1617","page","type-page","status-publish"],"_links":{"self":[{"href":"https:\/\/hoopoeholding.com\/es\/wp-json\/wp\/v2\/pages\/1617","targetHints":{"allow":["GET"]}}],"collection":[{"href":"https:\/\/hoopoeholding.com\/es\/wp-json\/wp\/v2\/pages"}],"about":[{"href":"https:\/\/hoopoeholding.com\/es\/wp-json\/wp\/v2\/types\/page"}],"author":[{"embeddable":true,"href":"https:\/\/hoopoeholding.com\/es\/wp-json\/wp\/v2\/users\/2"}],"replies":[{"embeddable":true,"href":"https:\/\/hoopoeholding.com\/es\/wp-json\/wp\/v2\/comments?post=1617"}],"version-history":[{"count":25,"href":"https:\/\/hoopoeholding.com\/es\/wp-json\/wp\/v2\/pages\/1617\/revisions"}],"predecessor-version":[{"id":2772,"href":"https:\/\/hoopoeholding.com\/es\/wp-json\/wp\/v2\/pages\/1617\/revisions\/2772"}],"wp:attachment":[{"href":"https:\/\/hoopoeholding.com\/es\/wp-json\/wp\/v2\/media?parent=1617"}],"curies":[{"name":"wp","href":"https:\/\/api.w.org\/{rel}","templated":true}]}}