{"id":1617,"date":"2025-09-08T20:05:09","date_gmt":"2025-09-08T20:05:09","guid":{"rendered":"https:\/\/hoopoeholding.com\/?page_id=1617"},"modified":"2025-11-05T08:42:42","modified_gmt":"2025-11-05T08:42:42","slug":"media-downloads","status":"publish","type":"page","link":"https:\/\/hoopoeholding.com\/de\/media-downloads\/","title":{"rendered":"Medien\u202f&amp;\u202fDownloads"},"content":{"rendered":"<div id=\"fws_69e16149ae7e7\"  data-column-margin=\"default\" data-midnight=\"dark\"  class=\"wpb_row vc_row-fluid vc_row full-width-section vc_row-o-equal-height vc_row-flex vc_row-o-content-middle Introductions\"  style=\"padding-top: 0px; padding-bottom: 0px; \"><div class=\"row-bg-wrap\" data-bg-animation=\"none\" data-bg-animation-delay=\"\" data-bg-overlay=\"false\"><div class=\"inner-wrap row-bg-layer\" ><div class=\"row-bg viewport-desktop\"  style=\"\"><\/div><\/div><\/div><div class=\"row_col_wrap_12 col span_12 dark left\">\n\t<div  class=\"vc_col-sm-12 wpb_column column_container vc_column_container col centered-text no-extra-padding force-desktop-text-align-center inherit_tablet inherit_phone\"  data-padding-pos=\"all\" data-has-bg-color=\"false\" data-bg-color=\"\" data-bg-opacity=\"1\" data-animation=\"\" data-delay=\"0\" >\n\t\t<div class=\"vc_column-inner\" >\n\t\t\t<div class=\"wpb_wrapper\">\n\t\t\t\t<div class=\"nectar-split-heading  font_size_60px font_size_tablet_52px font_size_phone_32px text_direction_ltr\" data-align=\"left\" data-m-align=\"left\" data-text-effect=\"none\" data-animation-type=\"line-reveal-by-space\" data-animation-delay=\"0\" data-animation-offset=\"\" data-m-rm-animation=\"\" data-stagger=\"\" data-custom-font-size=\"true\" style=\"font-size: 60px; line-height: 64.8px;\"><h3 style=\" color: #000000;\">Strukturierter Zugriff auf Compliance\u2011Dokumente,<br \/>\nMarkteinblicke und strategische Leitf\u00e4den f\u00fcr Investoren und Partner.<\/h3><\/div>\n\t\t\t<\/div> \n\t\t<\/div>\n\t<\/div> \n<\/div><\/div>\n\t\t<div id=\"AboutArea\"  data-br=\"custom\" data-br-applies=\"bg\" data-column-margin=\"default\" data-midnight=\"dark\"  class=\"wpb_row vc_row-fluid vc_row vc_row-o-equal-height vc_row-flex vc_row-o-content-middle  tl_br_30px tr_br_30px bl_br_30px br_br_30px right_padding_25px left_padding_25px\"  style=\"padding-top: 55px; padding-bottom: 55px; \"><div class=\"row-bg-wrap\" data-bg-animation=\"none\" data-bg-animation-delay=\"\" data-bg-overlay=\"false\"><div class=\"inner-wrap row-bg-layer\" ><div class=\"row-bg viewport-desktop\"  style=\"\"><\/div><\/div><\/div><div class=\"row_col_wrap_12 col span_12 dark left\">\n\t<div  class=\"vc_col-sm-4 wpb_column column_container vc_column_container col no-extra-padding inherit_tablet inherit_phone\"  data-padding-pos=\"all\" data-has-bg-color=\"false\" data-bg-color=\"\" data-bg-opacity=\"1\" data-animation=\"\" data-delay=\"0\" >\n\t\t<div class=\"vc_column-inner\" >\n\t\t\t<div class=\"wpb_wrapper\">\n\t\t\t\t<div class=\"img-with-aniamtion-wrap center\" data-max-width=\"100%\" data-max-width-mobile=\"default\" data-shadow=\"none\" data-animation=\"none\" >\n      <div class=\"inner\">\n        <div class=\"hover-wrap\"> \n          <div class=\"hover-wrap-inner\">\n            <img decoding=\"async\" class=\"img-with-animation skip-lazy\" data-delay=\"0\" height=\"347\" width=\"447\" data-animation=\"none\" src=\"https:\/\/hoopoeholding.com\/wp-content\/uploads\/2025\/09\/options.png\" alt=\"\" srcset=\"https:\/\/hoopoeholding.com\/wp-content\/uploads\/2025\/09\/options.png 447w, https:\/\/hoopoeholding.com\/wp-content\/uploads\/2025\/09\/options-300x233.png 300w\" sizes=\"(max-width: 447px) 100vw, 447px\" \/>\n          <\/div>\n        <\/div>\n      <\/div>\n    <\/div>\n\t\t\t<\/div> \n\t\t<\/div>\n\t<\/div> \n\n\t<div style=\" color: #48362C;\" class=\"vc_col-sm-8 wpb_column column_container vc_column_container col no-extra-padding inherit_tablet inherit_phone\" data-cfc=\"true\"  data-padding-pos=\"all\" data-has-bg-color=\"false\" data-bg-color=\"\" data-bg-opacity=\"1\" data-animation=\"\" data-delay=\"0\" >\n\t\t<div class=\"vc_column-inner\" >\n\t\t\t<div class=\"wpb_wrapper\">\n\t\t\t\t<div class=\"nectar-split-heading  font_size_40px font_size_tablet_32px font_size_phone_28px text_direction_ltr\" data-align=\"left\" data-m-align=\"left\" data-text-effect=\"none\" data-animation-type=\"line-reveal-by-space\" data-animation-delay=\"0\" data-animation-offset=\"\" data-m-rm-animation=\"\" data-stagger=\"\" data-custom-font-size=\"true\" style=\"font-size: 40px; line-height: 43.2px;\"><h3 style=\" color: #000000;\">Investorenpr\u00e4sentation<\/h3><\/div>\n<div class=\"wpb_text_column wpb_content_element\" >\n\t<div class=\"wpb_wrapper\">\n\t\t<p>Das Investoren-Pr\u00e4sentationsdeck dient als Ressource f\u00fcr die Due Diligence und fasst gepr\u00fcfte Finanzergebnisse, eingetragene geistige Eigentumsrechte und beh\u00f6rdliche Genehmigungen in einem einzigen strukturierten Dokument zusammen.<\/p>\n<p>Die Inhalte umfassen die finanzielle Leistungsf\u00e4higkeit, gest\u00fctzt auf die UNIDO-Methodik, einschlie\u00dflich gepr\u00fcfter Wirtschaftlichkeitsberechnungen, IRR- und ROI-Modelle sowie Sensitivit\u00e4tsanalysen f\u00fcr verschiedene M\u00e4rkte. Dar\u00fcber hinaus werden die rechtlichen Grundlagen des Franchisesystems detailliert erl\u00e4utert, mit durchsetzbaren Vertr\u00e4gen nach DIFC-Recht, l\u00e4nder\u00fcbergreifender Einhaltung der Vorschriften f\u00fcr Telemedizin und mobile Dienste sowie internationalem Schutz des geistigen Eigentums, der bei WIPO, USPTO und EUIPO angemeldet wurde.<\/p>\n<p>F\u00fcr Investoren enth\u00e4lt die Pr\u00e4sentation Benchmarks f\u00fcr Kapitaleffizienz, Skalierbarkeitsindikatoren und Bewertungsvergleiche mit globalen Health-Tech-Plattformen. Sie legt au\u00dferdem Anlegerschutzma\u00dfnahmen dar, darunter strukturierte Einstiegsmodelle, vertragliche R\u00fcckkaufmechanismen und definierte Ausstiegsoptionen, die den internationalen M&amp;A-Standards entsprechen.<\/p>\n<p>Das Dokument ist Teil unseres Investoren-Datenraums und ist unter einer Geheimhaltungsvereinbarung (NDA) verf\u00fcgbar, um einen sicheren und kontrollierten Zugriff auf strategische und finanzielle Informationen zu gew\u00e4hrleisten.<\/p>\n\t<\/div>\n<\/div>\n\n\n\n<a class=\"nectar-button large regular accent-color  regular-button\"  role=\"button\" style=\"\" target=\"_blank\" href=\"https:\/\/hoopoeholding.com\/assets\/hoopoe-holding-pitch-deck-v6.pdf\" data-color-override=\"false\" data-hover-color-override=\"false\" data-hover-text-color-override=\"#fff\"><span>Investoren\u00fcbersicht<\/span><\/a>\n\t\t\t<\/div> \n\t\t<\/div>\n\t<\/div> \n<\/div><\/div>\n\t\t<div id=\"GlanceNod\"  data-column-margin=\"default\" data-midnight=\"dark\"  class=\"wpb_row vc_row-fluid vc_row full-width-section  top_padding_phone_50px bottom_padding_phone_50px\"  style=\"padding-top: 50px; padding-bottom: 150px; \"><div class=\"row-bg-wrap\" data-bg-animation=\"none\" data-bg-animation-delay=\"\" data-bg-overlay=\"false\"><div class=\"inner-wrap row-bg-layer\" ><div class=\"row-bg viewport-desktop\"  style=\"\"><\/div><\/div><\/div><div class=\"row_col_wrap_12 col span_12 dark left\">\n\t<div  class=\"vc_col-sm-12 wpb_column column_container vc_column_container col no-extra-padding inherit_tablet inherit_phone\"  data-padding-pos=\"all\" data-has-bg-color=\"false\" data-bg-color=\"\" data-bg-opacity=\"1\" data-animation=\"\" data-delay=\"0\" >\n\t\t<div class=\"vc_column-inner\" >\n\t\t\t<div class=\"wpb_wrapper\">\n\t\t\t\t<div id=\"fws_69e16149af5b7\" data-midnight=\"\" data-column-margin=\"default\" class=\"wpb_row vc_row-fluid vc_row inner_row\"  style=\"\"><div class=\"row-bg-wrap\"> <div class=\"row-bg\" ><\/div> <\/div><div class=\"row_col_wrap_12_inner col span_12  left\">\n\t<div  class=\"vc_col-sm-12 wpb_column column_container vc_column_container col child_column no-extra-padding inherit_tablet inherit_phone\"   data-padding-pos=\"all\" data-has-bg-color=\"false\" data-bg-color=\"\" data-bg-opacity=\"1\" data-animation=\"\" data-delay=\"0\" >\n\t\t<div class=\"vc_column-inner\" >\n\t\t<div class=\"wpb_wrapper\">\n\t\t\t<div class=\"nectar-split-heading  font_size_40px font_size_tablet_32px font_size_phone_28px text_direction_ltr\" data-align=\"left\" data-m-align=\"left\" data-text-effect=\"none\" data-animation-type=\"line-reveal-by-space\" data-animation-delay=\"0\" data-animation-offset=\"\" data-m-rm-animation=\"\" data-stagger=\"\" data-custom-font-size=\"true\" style=\"font-size: 40px; line-height: 43.2px;\"><h3 style=\" color: #000000;\">Berichte &amp; Leitf\u00e4den<\/h3><\/div><div class=\"nectar-split-heading  font_size_24px font_size_tablet_20px font_size_phone_18px\" data-align=\"default\" data-m-align=\"inherit\" data-text-effect=\"none\" data-animation-type=\"line-reveal-by-space\" data-animation-delay=\"0\" data-animation-offset=\"\" data-m-rm-animation=\"\" data-stagger=\"\" data-custom-font-size=\"true\" style=\"font-size: 24px; line-height: 36px;\"><p style=\" color: #212121;\">Dieser Abschnitt enth\u00e4lt formelle Dokumentationen, die innerhalb des hoopoe-\u00d6kosystems erstellt wurden. Die Berichte werden intern und von externen Interessengruppen als Referenzmaterial f\u00fcr Compliance, Governance und Marktbewertung verwendet. Jede Kategorie spiegelt eine andere Ebene des Systems wider und wird nach denselben Standards gepflegt, die auch f\u00fcr unsere regulatorischen und operativen Rahmenbedingungen gelten.<\/p><\/div>\n\t\t<\/div> \n\t<\/div>\n\t<\/div> \n<\/div><\/div><div id=\"MasterPlay\" data-midnight=\"\" data-column-margin=\"default\" class=\"wpb_row vc_row-fluid vc_row inner_row vc_row-o-equal-height vc_row-flex vc_row-o-content-middle\"  style=\"\"><div class=\"row-bg-wrap\"> <div class=\"row-bg\" ><\/div> <\/div><div class=\"row_col_wrap_12_inner col span_12  left\">\n\t<div style=\" color: #40231D;\" class=\"vc_col-sm-3 Leader4 wpb_column column_container vc_column_container col child_column tl_br_25px tr_br_25px bl_br_25px br_br_25px left_padding_desktop_25px top_padding_desktop_25px right_padding_desktop_25px bottom_padding_desktop_25px\" data-cfc=\"true\" data-using-bg=\"true\" data-padding-pos=\"all\" data-has-bg-color=\"true\" data-bg-color=\"#F4F4F4CC\" data-bg-opacity=\"1\" data-animation=\"\" data-delay=\"0\" >\n\t\t<div class=\"vc_column-inner\" ><div class=\"column-bg-overlay-wrap column-bg-layer\" data-bg-animation=\"none\"><div class=\"column-bg-overlay\" style=\"opacity: 1; background-color: #F4F4F4CC;\"><\/div><\/div>\n\t\t<div class=\"wpb_wrapper\">\n\t\t\t<div class=\"img-with-aniamtion-wrap  custom-width-75px\" data-max-width=\"custom\" data-max-width-mobile=\"default\" data-shadow=\"none\" data-animation=\"none\" >\n      <div class=\"inner\">\n        <div class=\"hover-wrap\"> \n          <div class=\"hover-wrap-inner\">\n            <img decoding=\"async\" class=\"img-with-animation skip-lazy\" data-delay=\"0\" height=\"80\" width=\"75\" data-animation=\"none\" src=\"https:\/\/hoopoeholding.com\/wp-content\/uploads\/2025\/09\/downloads-4.png\" alt=\"\"  \/>\n          <\/div>\n        <\/div>\n      <\/div>\n    <\/div><h4 style=\"font-size: 20px;color: #40231D;text-align: left\" class=\"vc_custom_heading vc_do_custom_heading\" >Berichte zu KI\u202f&amp;\u202fInnovation<\/h4>\n<div class=\"wpb_text_column wpb_content_element\" >\n\t<div class=\"wpb_wrapper\">\n\t\t<p>Diese Berichte untersuchen den praktischen Einsatz k\u00fcnstlicher Intelligenz in Abl\u00e4ufen des Gesundheitswesens.Die Analysen umfassen diagnostische Genauigkeit, Patientenpersonalisierung und Prozesseffizienz, gest\u00fctzt auf Ergebnisse aus realen klinischen Umgebungen.<\/p>\n\t<\/div>\n<\/div>\n\n\n\n\n\t\t<\/div> \n\t<\/div>\n\t<\/div> \n\n\t<div style=\" color: #40231D;\" class=\"vc_col-sm-3 Leader3 wpb_column column_container vc_column_container col child_column tl_br_25px tr_br_25px bl_br_25px br_br_25px left_padding_desktop_25px top_padding_desktop_25px right_padding_desktop_25px bottom_padding_desktop_25px\" data-cfc=\"true\" data-using-bg=\"true\" data-padding-pos=\"all\" data-has-bg-color=\"true\" data-bg-color=\"#F4F4F4CC\" data-bg-opacity=\"1\" data-animation=\"\" data-delay=\"0\" >\n\t\t<div class=\"vc_column-inner\" ><div class=\"column-bg-overlay-wrap column-bg-layer\" data-bg-animation=\"none\"><div class=\"column-bg-overlay\" style=\"opacity: 1; background-color: #F4F4F4CC;\"><\/div><\/div>\n\t\t<div class=\"wpb_wrapper\">\n\t\t\t<div class=\"img-with-aniamtion-wrap  custom-width-75px\" data-max-width=\"custom\" data-max-width-mobile=\"default\" data-shadow=\"none\" data-animation=\"none\" >\n      <div class=\"inner\">\n        <div class=\"hover-wrap\"> \n          <div class=\"hover-wrap-inner\">\n            <img decoding=\"async\" class=\"img-with-animation skip-lazy\" data-delay=\"0\" height=\"80\" width=\"92\" data-animation=\"none\" src=\"https:\/\/hoopoeholding.com\/wp-content\/uploads\/2025\/09\/downloads-2.png\" alt=\"\"  \/>\n          <\/div>\n        <\/div>\n      <\/div>\n    <\/div><h4 style=\"font-size: 20px;color: #40231D;text-align: left\" class=\"vc_custom_heading vc_do_custom_heading\" >Strategische Handb\u00fccher<\/h4>\n<div class=\"wpb_text_column wpb_content_element\" >\n\t<div class=\"wpb_wrapper\">\n\t\t<p>Handb\u00fccher, die operative Standards f\u00fcr Kliniken und Franchise\u2011Einheiten festlegen.\n\nSie enthalten Vorgaben zur Governance, Managementverfahren und Leistungskennzahlen.\n\nDie Inhalte werden regelm\u00e4\u00dfig gem\u00e4\u00df regulatorischen \u00c4nderungen und operativen Audits aktualisiert.<\/p>\n\t<\/div>\n<\/div>\n\n\n\n\n\t\t<\/div> \n\t<\/div>\n\t<\/div> \n\n\t<div style=\" color: #40231D;\" class=\"vc_col-sm-3 Leader2 wpb_column column_container vc_column_container col child_column tl_br_25px tr_br_25px bl_br_25px br_br_25px left_padding_desktop_25px top_padding_desktop_25px right_padding_desktop_25px bottom_padding_desktop_25px\" data-cfc=\"true\" data-using-bg=\"true\" data-padding-pos=\"all\" data-has-bg-color=\"true\" data-bg-color=\"#F4F4F4CC\" data-bg-opacity=\"1\" data-animation=\"\" data-delay=\"0\" >\n\t\t<div class=\"vc_column-inner\" ><div class=\"column-bg-overlay-wrap column-bg-layer\" data-bg-animation=\"none\"><div class=\"column-bg-overlay\" style=\"opacity: 1; background-color: #F4F4F4CC;\"><\/div><\/div>\n\t\t<div class=\"wpb_wrapper\">\n\t\t\t<div class=\"img-with-aniamtion-wrap  custom-width-75px\" data-max-width=\"custom\" data-max-width-mobile=\"default\" data-shadow=\"none\" data-animation=\"none\" >\n      <div class=\"inner\">\n        <div class=\"hover-wrap\"> \n          <div class=\"hover-wrap-inner\">\n            <img decoding=\"async\" class=\"img-with-animation skip-lazy\" data-delay=\"0\" height=\"80\" width=\"68\" data-animation=\"none\" src=\"https:\/\/hoopoeholding.com\/wp-content\/uploads\/2025\/09\/downloads-3.png\" alt=\"\"  \/>\n          <\/div>\n        <\/div>\n      <\/div>\n    <\/div><h4 style=\"font-size: 20px;color: #40231D;text-align: left\" class=\"vc_custom_heading vc_do_custom_heading\" >Branchenanalysen<\/h4>\n<div class=\"wpb_text_column wpb_content_element\" >\n\t<div class=\"wpb_wrapper\">\n\t\t<p>Analytische Berichte \u00fcber Branchentrends, Kapitalfl\u00fcsse und regulatorische Ver\u00e4nderungen in regionalen und globalen M\u00e4rkten.\n\nDie Erkenntnisse beruhen auf vergleichenden Datens\u00e4tzen und dienen der Entscheidungsunterst\u00fctzung bei Expansion und Risikobewertung.<\/p>\n\t<\/div>\n<\/div>\n\n\n\n\n\t\t<\/div> \n\t<\/div>\n\t<\/div> \n\n\t<div style=\" color: #40231D;\" class=\"vc_col-sm-3 Leader wpb_column column_container vc_column_container col child_column tl_br_25px tr_br_25px bl_br_25px br_br_25px left_padding_desktop_25px top_padding_desktop_25px right_padding_desktop_25px bottom_padding_desktop_25px\" data-cfc=\"true\" data-using-bg=\"true\" data-padding-pos=\"all\" data-has-bg-color=\"true\" data-bg-color=\"#F4F4F4CC\" data-bg-opacity=\"1\" data-animation=\"\" data-delay=\"0\" >\n\t\t<div class=\"vc_column-inner\" ><div class=\"column-bg-overlay-wrap column-bg-layer\" data-bg-animation=\"none\"><div class=\"column-bg-overlay\" style=\"opacity: 1; background-color: #F4F4F4CC;\"><\/div><\/div>\n\t\t<div class=\"wpb_wrapper\">\n\t\t\t<div class=\"img-with-aniamtion-wrap  custom-width-75px\" data-max-width=\"custom\" data-max-width-mobile=\"default\" data-shadow=\"none\" data-animation=\"none\" >\n      <div class=\"inner\">\n        <div class=\"hover-wrap\"> \n          <div class=\"hover-wrap-inner\">\n            <img decoding=\"async\" class=\"img-with-animation skip-lazy\" data-delay=\"0\" height=\"80\" width=\"92\" data-animation=\"none\" src=\"https:\/\/hoopoeholding.com\/wp-content\/uploads\/2025\/09\/downloads-1.png\" alt=\"\"  \/>\n          <\/div>\n        <\/div>\n      <\/div>\n    <\/div><h4 style=\"font-size: 20px;color: #40231D;text-align: left\" class=\"vc_custom_heading vc_do_custom_heading\" >Whitepapers<\/h4>\n<div class=\"wpb_text_column wpb_content_element\" >\n\t<div class=\"wpb_wrapper\">\n\t\t<p>Umfassende Studien zu definierten Themen wie digitale Integration, \u00f6kologische Nachhaltigkeit und Franchise-Wirtschaft. Jede Studie ist so verfasst, dass sie den Anforderungen der beh\u00f6rdlichen Pr\u00fcfung und der Due Diligence von Investoren entspricht, wobei alle Referenzen nachvollziehbar und \u00fcberpr\u00fcfbar sind.<\/p>\n\t<\/div>\n<\/div>\n\n\n\n\n\t\t<\/div> \n\t<\/div>\n\t<\/div> \n<\/div><\/div>\n\t\t\t<\/div> \n\t\t<\/div>\n\t<\/div> \n<\/div><\/div>","protected":false},"excerpt":{"rendered":"Structured access to compliance documents, market insights, and strategic playbooks for investors and partners. Investor Pitch Deck The Investor Pitch Deck is prepared as a due diligence resource, consolidating audited...","protected":false},"author":2,"featured_media":0,"parent":0,"menu_order":0,"comment_status":"closed","ping_status":"closed","template":"","meta":{"footnotes":""},"class_list":["post-1617","page","type-page","status-publish"],"_links":{"self":[{"href":"https:\/\/hoopoeholding.com\/de\/wp-json\/wp\/v2\/pages\/1617","targetHints":{"allow":["GET"]}}],"collection":[{"href":"https:\/\/hoopoeholding.com\/de\/wp-json\/wp\/v2\/pages"}],"about":[{"href":"https:\/\/hoopoeholding.com\/de\/wp-json\/wp\/v2\/types\/page"}],"author":[{"embeddable":true,"href":"https:\/\/hoopoeholding.com\/de\/wp-json\/wp\/v2\/users\/2"}],"replies":[{"embeddable":true,"href":"https:\/\/hoopoeholding.com\/de\/wp-json\/wp\/v2\/comments?post=1617"}],"version-history":[{"count":25,"href":"https:\/\/hoopoeholding.com\/de\/wp-json\/wp\/v2\/pages\/1617\/revisions"}],"predecessor-version":[{"id":2772,"href":"https:\/\/hoopoeholding.com\/de\/wp-json\/wp\/v2\/pages\/1617\/revisions\/2772"}],"wp:attachment":[{"href":"https:\/\/hoopoeholding.com\/de\/wp-json\/wp\/v2\/media?parent=1617"}],"curies":[{"name":"wp","href":"https:\/\/api.w.org\/{rel}","templated":true}]}}